{"id":2502,"date":"2024-01-16T01:40:52","date_gmt":"2024-01-15T18:40:52","guid":{"rendered":"https:\/\/gamtechno.com\/san-pham\/may-truyen-du%cc%83-lie%cc%a3u-dnc\/"},"modified":"2025-02-16T13:43:19","modified_gmt":"2025-02-16T06:43:19","slug":"may-truyen-du-lieu-dnc","status":"publish","type":"product","link":"https:\/\/gamtechno.com\/en\/san-pham\/may-truyen-du-lieu-dnc\/","title":{"rendered":"Ma\u0301y truy\u00ea\u0300n d\u01b0\u0303 li\u00ea\u0323u DNC"},"content":{"rendered":"<p><span class=\"fontstyle0\"><img loading=\"lazy\" class=\"alignnone size-medium wp-image-2499\" src=\"https:\/\/gamtechno.com\/wp-content\/uploads\/2024\/01\/1-3-300x172.jpg\" alt=\"\" width=\"300\" height=\"172\" srcset=\"https:\/\/gamtechno.com\/wp-content\/uploads\/2024\/01\/1-3-300x172.jpg 300w, https:\/\/gamtechno.com\/wp-content\/uploads\/2024\/01\/1-3-1024x588.jpg 1024w, https:\/\/gamtechno.com\/wp-content\/uploads\/2024\/01\/1-3-768x441.jpg 768w, https:\/\/gamtechno.com\/wp-content\/uploads\/2024\/01\/1-3-600x345.jpg 600w, https:\/\/gamtechno.com\/wp-content\/uploads\/2024\/01\/1-3.jpg 1123w\" sizes=\"(max-width: 300px) 100vw, 300px\" \/><\/span><\/p>\n<p><span class=\"fontstyle0\">Thi\u1ebft b\u1ecb truy\u1ec1n Micro DNC 2 l\u00e0 thi\u1ebft b\u1ecb d\u00f9ng \u0111\u1ec3 thay th\u1ebf cho vi\u1ec7c truy\u1ec1n d\u1eef li\u1ec7u cho m\u00e1y CNC theo c\u00e1ch truy\u1ec1n th\u1ed1ng b\u1eb1ng m\u00e1y t\u00ednh. \u0110\u1ed1i v\u1edbi vi\u1ec7c s\u1eed d\u1ee5ng m\u00e1y t\u00ednh \u0111\u1ec3 truy\u1ec1n d\u1eef li\u1ec7u sang m\u00e1y CNC s\u1ebd c\u00f3 nh\u1eefng v\u1eabn \u0111\u1ec1 b\u1ea5t c\u1eadp : \u0111\u01b0\u1eddng truy\u1ec1n kh\u00f4ng \u1ed5n \u0111\u1ecbnh, b\u1ea5t ti\u1ec7n khi s\u1eed d\u1ee5ng, v\u00e0 chi\u1ebfm nhi\u1ec1u di\u1ec7n t\u00edch. Thi\u1ebft b\u1ecb Micro DNC 2 c\u00f3 th\u1ec3 c\u1ea3i ti\u1ebfn \u0111\u01b0\u1ee3c nh\u1eefng v\u1ea5n \u0111\u1ec1 n\u00eau tr\u00ean, thi\u1ebft b\u1ecb \u0111\u01b0\u1ee3c s\u1ea3n xu\u1ea5t v\u00e0 cung c\u1ea5p b\u01a1\u0309i s\u01b0\u0323 k\u00ea\u0301t h\u01a1\u0323p cu\u0309a c\u00f4ng ty QS Technology va\u0300 GAM Techno pha\u0301t tri\u00ea\u0309n thi\u00ea\u0301t bi\u0323 truy\u00ea\u0300n Micro DNC 2 v\u01a1\u0301i 3 ng\u00f4n ng\u01b0\u0303: Vi\u00ea\u0323t, Anh, Nh\u00e2\u0323t<\/span><\/p>\n","protected":false},"excerpt":{"rendered":"<p>Thi\u1ebft b\u1ecb truy\u1ec1n Micro DNC 2 l\u00e0 thi\u1ebft b\u1ecb d\u00f9ng \u0111\u1ec3 thay th\u1ebf cho vi\u1ec7c truy\u1ec1n d\u1eef li\u1ec7u cho m\u00e1y CNC theo c\u00e1ch truy\u1ec1n th\u1ed1ng b\u1eb1ng m\u00e1y t\u00ednh. \u0110\u1ed1i v\u1edbi vi\u1ec7c s\u1eed d\u1ee5ng m\u00e1y t\u00ednh \u0111\u1ec3 truy\u1ec1n d\u1eef li\u1ec7u sang m\u00e1y CNC s\u1ebd c\u00f3 nh\u1eefng v\u1eabn \u0111\u1ec1 b\u1ea5t c\u1eadp : \u0111\u01b0\u1eddng truy\u1ec1n kh\u00f4ng \u1ed5n \u0111\u1ecbnh, &#8230; <a title=\"Ma\u0301y truy\u00ea\u0300n d\u01b0\u0303 li\u00ea\u0323u DNC\" class=\"read-more\" href=\"https:\/\/gamtechno.com\/en\/san-pham\/may-truyen-du-lieu-dnc\/\">Read more <span class=\"screen-reader-text\">Ma\u0301y truy\u00ea\u0300n d\u01b0\u0303 li\u00ea\u0323u DNC<\/span><\/a><\/p>\n","protected":false},"featured_media":2500,"comment_status":"closed","ping_status":"closed","template":"","meta":{"inline_featured_image":false},"yoast_head":"<!-- This site is optimized with the Yoast SEO plugin v15.5 - https:\/\/yoast.com\/wordpress\/plugins\/seo\/ -->\n<title>Ma\u0301y truy\u00ea\u0300n d\u01b0\u0303 li\u00ea\u0323u DNC - Gamtechno<\/title>\n<meta name=\"robots\" content=\"index, follow, max-snippet:-1, max-image-preview:large, max-video-preview:-1\" \/>\n<link rel=\"canonical\" href=\"https:\/\/gamtechno.com\/en\/san-pham\/may-truyen-du-lieu-dnc\/\" \/>\n<meta property=\"og:locale\" content=\"en_US\" \/>\n<meta property=\"og:type\" content=\"article\" \/>\n<meta property=\"og:title\" content=\"Ma\u0301y truy\u00ea\u0300n d\u01b0\u0303 li\u00ea\u0323u DNC - Gamtechno\" \/>\n<meta property=\"og:description\" content=\"Thi\u1ebft b\u1ecb truy\u1ec1n Micro DNC 2 l\u00e0 thi\u1ebft b\u1ecb d\u00f9ng \u0111\u1ec3 thay th\u1ebf cho vi\u1ec7c truy\u1ec1n d\u1eef li\u1ec7u cho m\u00e1y CNC theo c\u00e1ch truy\u1ec1n th\u1ed1ng b\u1eb1ng m\u00e1y t\u00ednh. \u0110\u1ed1i v\u1edbi vi\u1ec7c s\u1eed d\u1ee5ng m\u00e1y t\u00ednh \u0111\u1ec3 truy\u1ec1n d\u1eef li\u1ec7u sang m\u00e1y CNC s\u1ebd c\u00f3 nh\u1eefng v\u1eabn \u0111\u1ec1 b\u1ea5t c\u1eadp : \u0111\u01b0\u1eddng truy\u1ec1n kh\u00f4ng \u1ed5n \u0111\u1ecbnh, ... Read more Ma\u0301y truy\u00ea\u0300n d\u01b0\u0303 li\u00ea\u0323u DNC\" \/>\n<meta property=\"og:url\" content=\"https:\/\/gamtechno.com\/en\/san-pham\/may-truyen-du-lieu-dnc\/\" \/>\n<meta property=\"og:site_name\" content=\"Gamtechno\" \/>\n<meta property=\"article:modified_time\" content=\"2025-02-16T06:43:19+00:00\" \/>\n<meta property=\"og:image\" content=\"https:\/\/gamtechno.com\/wp-content\/uploads\/2024\/01\/1-3.jpg\" \/>\n\t<meta property=\"og:image:width\" content=\"1123\" \/>\n\t<meta property=\"og:image:height\" content=\"645\" \/>\n<meta name=\"twitter:card\" content=\"summary_large_image\" \/>\n<meta name=\"twitter:label1\" content=\"Est. reading time\">\n\t<meta name=\"twitter:data1\" content=\"1 minute\">\n<script type=\"application\/ld+json\" class=\"yoast-schema-graph\">{\"@context\":\"https:\/\/schema.org\",\"@graph\":[{\"@type\":\"WebSite\",\"@id\":\"https:\/\/gamtechno.com\/#website\",\"url\":\"https:\/\/gamtechno.com\/\",\"name\":\"Gamtechno\",\"description\":\"\",\"potentialAction\":[{\"@type\":\"SearchAction\",\"target\":\"https:\/\/gamtechno.com\/?s={search_term_string}\",\"query-input\":\"required name=search_term_string\"}],\"inLanguage\":\"en\"},{\"@type\":\"ImageObject\",\"@id\":\"https:\/\/gamtechno.com\/en\/san-pham\/may-truyen-du-lieu-dnc\/#primaryimage\",\"inLanguage\":\"en\",\"url\":\"https:\/\/gamtechno.com\/wp-content\/uploads\/2024\/01\/1-3.jpg\",\"width\":1123,\"height\":645},{\"@type\":\"WebPage\",\"@id\":\"https:\/\/gamtechno.com\/en\/san-pham\/may-truyen-du-lieu-dnc\/#webpage\",\"url\":\"https:\/\/gamtechno.com\/en\/san-pham\/may-truyen-du-lieu-dnc\/\",\"name\":\"Ma\\u0301y truy\\u00ea\\u0300n d\\u01b0\\u0303 li\\u00ea\\u0323u DNC - Gamtechno\",\"isPartOf\":{\"@id\":\"https:\/\/gamtechno.com\/#website\"},\"primaryImageOfPage\":{\"@id\":\"https:\/\/gamtechno.com\/en\/san-pham\/may-truyen-du-lieu-dnc\/#primaryimage\"},\"datePublished\":\"2024-01-15T18:40:52+00:00\",\"dateModified\":\"2025-02-16T06:43:19+00:00\",\"inLanguage\":\"en\",\"potentialAction\":[{\"@type\":\"ReadAction\",\"target\":[\"https:\/\/gamtechno.com\/en\/san-pham\/may-truyen-du-lieu-dnc\/\"]}]}]}<\/script>\n<!-- \/ Yoast SEO plugin. -->","_links":{"self":[{"href":"https:\/\/gamtechno.com\/en\/wp-json\/wp\/v2\/product\/2502"}],"collection":[{"href":"https:\/\/gamtechno.com\/en\/wp-json\/wp\/v2\/product"}],"about":[{"href":"https:\/\/gamtechno.com\/en\/wp-json\/wp\/v2\/types\/product"}],"replies":[{"embeddable":true,"href":"https:\/\/gamtechno.com\/en\/wp-json\/wp\/v2\/comments?post=2502"}],"wp:featuredmedia":[{"embeddable":true,"href":"https:\/\/gamtechno.com\/en\/wp-json\/wp\/v2\/media\/2500"}],"wp:attachment":[{"href":"https:\/\/gamtechno.com\/en\/wp-json\/wp\/v2\/media?parent=2502"}],"curies":[{"name":"wp","href":"https:\/\/api.w.org\/{rel}","templated":true}]}}